{"id":7,"date":"2013-04-04T03:46:21","date_gmt":"2013-04-04T03:46:21","guid":{"rendered":"http:\/\/www.lugarmemoria.com.ar\/?page_id=7"},"modified":"2017-12-26T14:57:06","modified_gmt":"2017-12-26T14:57:06","slug":"proyectos-ultimos-10-anos","status":"publish","type":"page","link":"https:\/\/lugarmemoria.com.ar\/?page_id=7","title":{"rendered":"Proyectos anteriores"},"content":{"rendered":"<h3 style=\"text-align: justify;\"><strong>Programaci\u00f3n Cient\u00edfica 2011-2014<\/strong><\/h3>\n<h2 style=\"text-align: justify;\"><b><i>Lugares y pol\u00edticas de la memoria. <\/i><\/b><b><i>Acontecimientos, saberes, testimonios e instituciones (1955-2010)<\/i><\/b><\/h2>\n<h3 style=\"text-align: justify;\"><b><i><\/i><\/b><b>Directora: Cora Escolar \/\u00a0<\/b><b>Co-director: Juan Besse<\/b><\/h3>\n<h3 style=\"text-align: justify;\"><b><\/b><b>I<\/b><b>nstituto de Geograf\u00eda \u2013 Facultad de Filosof\u00eda y Letras &#8211; UBA<\/b><\/h3>\n<h3 style=\"text-align: justify;\"><b>Resumen<\/b><\/h3>\n<p style=\"text-align: justify;\">La presente investigaci\u00f3n aborda las relaciones entre las pol\u00edticas de la memoria y las memorias de la pol\u00edtica mediante su articulaci\u00f3n con los procesos de constituci\u00f3n de lugares de memoria. Asimismo, en ese marco, se quiere prestar especial atenci\u00f3n a los diversos modos en que los saberes -tanto el conocimiento experto y acad\u00e9mico, como aquello que produce en nuestras sociedades el ejercicio de la funci\u00f3n intelectual- intervienen en la constituci\u00f3n de dichas pol\u00edticas y, en consecuencia, coadyuvan al trabajo de constituci\u00f3n del dato de memoria a trav\u00e9s de su participaci\u00f3n, entre otros aspectos, en la producci\u00f3n testimonial.<\/p>\n<p style=\"text-align: justify;\">As\u00ed, el proyecto se propone reconstruir y analizar distintas caracter\u00edsticas y operatorias de algunas pol\u00edticas de la memoria que tengan por objeto conmemorar\/rememorar acontecimientos pol\u00edticos e institucionales relativos al per\u00edodo hist\u00f3rico 1955\/1983. Espec\u00edficamente, se estudiar\u00e1n aquellas pol\u00edticas que hayan producido alg\u00fan tipo un trabajo de lugarizaci\u00f3n de la memoria pol\u00edtica mediante la inscripci\u00f3n de dicha memoria tanto en soportes escritos como a trav\u00e9s de soportes simb\u00f3licos en el espacio p\u00fablico urbano, con especial atenci\u00f3n, a aquellos que refieren y\/o se emplazan en los territorios de la Ciudad y la Provincia de Buenos Aires a lo largo de los \u00faltimos treinta a\u00f1os.<\/p>\n<p style=\"text-align: justify;\">Para llevar a cabo la investigaci\u00f3n se seleccionar\u00e1 un n\u00famero acotado de estudios de caso que permitan reconstruir longitudinalmente las pol\u00edticas de memoria referidas al per\u00edodo mencionado. Entre los objetivos espec\u00edficos se destaca realizar un rastreo sistem\u00e1tico de normas, proyectos, propuestas, publicaciones, manifiestos y apariciones p\u00fablicas; efectuar un relevamiento de los diversos posicionamientos, debates y controversias que los actores involucrados en la formulaci\u00f3n e implementaci\u00f3n de las mencionadas pol\u00edticas produjeron durante el ciclo de su materializaci\u00f3n; y, con el fin de explorar la constituci\u00f3n de dichos procesos sociales de lugarizaci\u00f3n de la memoria, analizar -a trav\u00e9s de relatos y narrativas de corte testimonial- los argumentos, perspectivas y fundamentos sostenidos por los actores que impulsaron e intervinieron en la producci\u00f3n de tales pol\u00edticas.<\/p>\n<p style=\"text-align: justify;\">La perspectiva te\u00f3rico-metodol\u00f3gica comprender\u00e1 estrategias de investigaci\u00f3n basadas en t\u00e9cnicas cualitativas de obtenci\u00f3n de informaci\u00f3n.<\/p>\n<h3 style=\"text-align: justify;\"><\/h3>\n<h3 style=\"text-align: justify;\"><b><i>Places and Politics of Memory. Events, knowledges, testimonies and institutions (1955-2010)<\/i><\/b><\/h3>\n<h3 style=\"text-align: justify;\"><strong>Abstract<\/strong><\/h3>\n<p style=\"text-align: justify;\">This project approaches the relationship between the politics of memory and the memories of politics in their articulation with processes which establish memory places. In this frame, special attention is paid to the different ways in which knowledges \u2013meaning expert and academic knowledge as well as what the exercise of the intellectual function produces in our societies- are involved in the constitution of those policies and, therefore, help building the memory data through their participation, among other aspects, in the testimonial production.<\/p>\n<p style=\"text-align: justify;\">Then, the project aims at reconstructing different aspects of memory policies which pursue the commemoration \/ remembrance of political-institutional events related to the 1955 \/ 1983 period. Specifically, the project examines those policies which have somehow produced the localization of the political memory by marking that memory through symbolic supports in the urban public space, paying special attention to those who refer to the urban territories of the City and the Province of Buenos Aires, from that moment till present.<\/p>\n<p style=\"text-align: justify;\">To proceed with the research, a limited number of case studies will be selected. These case studies will allow the diachronic reconstruction of memory policies referred to the above mentioned period. Specific objectives include systematically tracking rules, projects, proposals, publications, manifestos and public appearances; gathering assorted positions, debates and controversies produced by the actors involved in the formulation and carrying out of memory policies when they became materialized; likewise, in order to explore the constitution of those social processes of memory localization, analyzing -through people\u2019s stories and narratives- arguments, perspectives and grounds stated by the actors who promoted and intervened in the making of those policies. The theoretical-methodological approach will consist of research strategies based on qualitative techniques to collect information.<\/p>\n<h3 style=\"text-align: justify;\"><strong>Ver Plan de Trabajo\u00a0<a href=\"https:\/\/lugarmemoria.com.ar\/wp-content\/uploads\/2013\/04\/Plan-de-Trabajo-Escolar-Besse1.pdf\">Plan de Trabajo Escolar-Besse<\/a><\/strong><\/h3>\n","protected":false},"excerpt":{"rendered":"<p>Programaci\u00f3n Cient\u00edfica 2011-2014 Lugares y pol\u00edticas de la memoria. Acontecimientos, saberes, testimonios e instituciones (1955-2010) Directora: Cora Escolar \/\u00a0Co-director: Juan Besse Instituto de Geograf\u00eda \u2013 Facultad de Filosof\u00eda y Letras &#8211; UBA Resumen La presente investigaci\u00f3n aborda las relaciones entre las pol\u00edticas de la memoria y las memorias de la pol\u00edtica mediante su articulaci\u00f3n con [&hellip;]<\/p>\n","protected":false},"author":1,"featured_media":0,"parent":0,"menu_order":0,"comment_status":"closed","ping_status":"open","template":"","meta":{"footnotes":""},"class_list":["post-7","page","type-page","status-publish","hentry"],"_links":{"self":[{"href":"https:\/\/lugarmemoria.com.ar\/index.php?rest_route=\/wp\/v2\/pages\/7","targetHints":{"allow":["GET"]}}],"collection":[{"href":"https:\/\/lugarmemoria.com.ar\/index.php?rest_route=\/wp\/v2\/pages"}],"about":[{"href":"https:\/\/lugarmemoria.com.ar\/index.php?rest_route=\/wp\/v2\/types\/page"}],"author":[{"embeddable":true,"href":"https:\/\/lugarmemoria.com.ar\/index.php?rest_route=\/wp\/v2\/users\/1"}],"replies":[{"embeddable":true,"href":"https:\/\/lugarmemoria.com.ar\/index.php?rest_route=%2Fwp%2Fv2%2Fcomments&post=7"}],"version-history":[{"count":7,"href":"https:\/\/lugarmemoria.com.ar\/index.php?rest_route=\/wp\/v2\/pages\/7\/revisions"}],"predecessor-version":[{"id":76,"href":"https:\/\/lugarmemoria.com.ar\/index.php?rest_route=\/wp\/v2\/pages\/7\/revisions\/76"}],"wp:attachment":[{"href":"https:\/\/lugarmemoria.com.ar\/index.php?rest_route=%2Fwp%2Fv2%2Fmedia&parent=7"}],"curies":[{"name":"wp","href":"https:\/\/api.w.org\/{rel}","templated":true}]}}