{"id":6,"date":"2013-04-04T03:46:01","date_gmt":"2013-04-04T03:46:01","guid":{"rendered":"http:\/\/www.lugarmemoria.com.ar\/?page_id=6"},"modified":"2017-12-26T14:57:06","modified_gmt":"2017-12-26T14:57:06","slug":"proyecto-actual","status":"publish","type":"page","link":"https:\/\/lugarmemoria.com.ar\/?page_id=6","title":{"rendered":"Programaci\u00f3n Cient\u00edfica 2014-2017"},"content":{"rendered":"<h3 style=\"text-align: justify;\"><strong>Proyecto Grupos Consolidados UBACyT, C\u00f3digo: 20020130100127BA, \u201cPol\u00edticas, instituciones y saberes. La hechura de lugares de memoria (1955-2013)\u201d, Acreditado y\u00a0 subsidiado por UBACyT (Secretar\u00eda de Ciencia\u00a0 y T\u00e9cnica de la UBA), 2014-2017.<\/strong><\/h3>\n<h3 style=\"text-align: justify;\"><strong>Directora: Cora Escolar \/\u00a0<\/strong><strong>Co-director: Juan Besse<\/strong><\/h3>\n<h3 style=\"text-align: justify;\">Instituto de Geograf\u00eda \u2013 Facultad de Filosof\u00eda y Letras \u2013 UBA<\/h3>\n<h3 style=\"text-align: justify;\">Resumen<\/h3>\n<p style=\"text-align: justify;\">El objetivo general de la investigaci\u00f3n consiste en abordar las pol\u00edticas de la memoria mediante el an\u00e1lisis de los modos singulares en que se anudan los dispositivos institucionales de gesti\u00f3n, las pr\u00e1cticas militantes y los saberes que participan en la hechura y constituci\u00f3n de lugares de la memoria. En ese marco -y atento a la l\u00f3gica de investigaci\u00f3n del caso por caso- se presta especial atenci\u00f3n a los diversos modos en que los estilos de gesti\u00f3n, las memorias militantes y los saberes -tanto expertos como no expertos- se traman en un trabajo pol\u00edtico que interviene en la constituci\u00f3n de pol\u00edticas y estrategias institucionales que escriben y re-escriben lugares de memoria y proponen representaciones y discursos a trav\u00e9s de los cuales la sociedad y sus segmentos se piensan qua sociedad. As\u00ed, el proyecto se propone reconstruir y analizar distintas l\u00f3gicas y operatorias de reconfiguraci\u00f3n de lugares de la memoria y su relaci\u00f3n con pol\u00edticas de la memoria que tengan por objeto conmemorar\/rememorar acontecimientos pol\u00edticos e institucionales relativos al per\u00edodo hist\u00f3rico 1955\/2013. Para llevar a cabo la investigaci\u00f3n se seleccionar\u00e1 un n\u00famero acotado de estudios de caso que permitan reconstruir longitudinalmente pol\u00edticas de la memoria desplegadas durante el per\u00edodo mencionado. Entre los objetivos espec\u00edficos se destaca realizar un rastreo sistem\u00e1tico de publicaciones, normas, proyectos, propuestas, manifiestos y apariciones p\u00fablicas que permita efectuar un mapeo de los diversos posicionamientos, debates y controversias que los actores involucrados en la formulaci\u00f3n e implementaci\u00f3n de las mencionadas pol\u00edticas produjeron durante el ciclo de su materializaci\u00f3n; y, con el fin de explorar la constituci\u00f3n de dichos procesos sociales de lugarizaci\u00f3n de la memoria, analizar los argumentos, perspectivas y fundamentos sostenidos por los actores que impulsaron e intervinieron en la producci\u00f3n de tales pol\u00edticas.<\/p>\n<p style=\"text-align: justify;\">\n<h2 style=\"text-align: justify;\">Politics, Institutions and Knowledges. The making of places of Memory (1955-2013)<\/h2>\n<h3 style=\"text-align: justify;\">Abstract<\/h3>\n<p style=\"text-align: justify;\">The overall objective of the research is to address the politics of memory by analyzing the particular ways in which the institutional management devices, the militant practices and the knowledges involved in the making and creation of places of memory knot with each other. In this context \u2013and taking into account the case-by-case investigation logic\u2013 special attention is paid to the different ways in which management styles, militant memories and knowledges \u2013expert and non-expert ones\u2013 dither in a political work involved in the creation of politics and institutional strategies which write and re-write places of memory and propose representations and discourses through which society and its segments are thought qua society. Thus, the project aims to reconstruct and analyze different logics and ways of reconfiguration of places of memory and their relationship to memory policies that pursue the commemoration \/ remembrance of political-institutional events related to the 1955 \/ 2013 period. To carry out the research, a limited number of case studies will be selected in order to longitudinally reconstruct memory policies deployed during said period. Among specific objectives, it highlights a systematic tracking of publications, regulations, projects, proposals, statements and public appearances which will allow a further mapping of the various positions, debates and controversies that the actors involved in the formulation and implementation of these policies performed during the cycle of its materialization; and, in order to explore the formation of such social processes of placeless of memory, the arguments, perspectives and basic arguments of the actors that encouraged and took part in the making of such policies will be analyzed.<\/p>\n<p style=\"text-align: justify;\">Ver Plan de trabajo\u00a0<a href=\"https:\/\/lugarmemoria.com.ar\/wp-content\/uploads\/2013\/04\/Proyecto-Grupos-Consolidados-UBACyT-2014_2017.pdf\">Proyecto Grupos Consolidados UBACyT 2014_2017<\/a><\/p>\n","protected":false},"excerpt":{"rendered":"<p>Proyecto Grupos Consolidados UBACyT, C\u00f3digo: 20020130100127BA, \u201cPol\u00edticas, instituciones y saberes. La hechura de lugares de memoria (1955-2013)\u201d, Acreditado y\u00a0 subsidiado por UBACyT (Secretar\u00eda de Ciencia\u00a0 y T\u00e9cnica de la UBA), 2014-2017. Directora: Cora Escolar \/\u00a0Co-director: Juan Besse Instituto de Geograf\u00eda \u2013 Facultad de Filosof\u00eda y Letras \u2013 UBA Resumen El objetivo general de la investigaci\u00f3n [&hellip;]<\/p>\n","protected":false},"author":1,"featured_media":0,"parent":0,"menu_order":0,"comment_status":"closed","ping_status":"closed","template":"page-templates\/front-page.php","meta":{"footnotes":""},"class_list":["post-6","page","type-page","status-publish","hentry"],"_links":{"self":[{"href":"https:\/\/lugarmemoria.com.ar\/index.php?rest_route=\/wp\/v2\/pages\/6","targetHints":{"allow":["GET"]}}],"collection":[{"href":"https:\/\/lugarmemoria.com.ar\/index.php?rest_route=\/wp\/v2\/pages"}],"about":[{"href":"https:\/\/lugarmemoria.com.ar\/index.php?rest_route=\/wp\/v2\/types\/page"}],"author":[{"embeddable":true,"href":"https:\/\/lugarmemoria.com.ar\/index.php?rest_route=\/wp\/v2\/users\/1"}],"replies":[{"embeddable":true,"href":"https:\/\/lugarmemoria.com.ar\/index.php?rest_route=%2Fwp%2Fv2%2Fcomments&post=6"}],"version-history":[{"count":6,"href":"https:\/\/lugarmemoria.com.ar\/index.php?rest_route=\/wp\/v2\/pages\/6\/revisions"}],"predecessor-version":[{"id":74,"href":"https:\/\/lugarmemoria.com.ar\/index.php?rest_route=\/wp\/v2\/pages\/6\/revisions\/74"}],"wp:attachment":[{"href":"https:\/\/lugarmemoria.com.ar\/index.php?rest_route=%2Fwp%2Fv2%2Fmedia&parent=6"}],"curies":[{"name":"wp","href":"https:\/\/api.w.org\/{rel}","templated":true}]}}