{"id":5,"date":"2013-04-04T03:45:43","date_gmt":"2013-04-04T03:45:43","guid":{"rendered":"http:\/\/www.lugarmemoria.com.ar\/?page_id=5"},"modified":"2020-10-30T03:30:58","modified_gmt":"2020-10-30T03:30:58","slug":"miembros","status":"publish","type":"page","link":"https:\/\/lugarmemoria.com.ar\/?page_id=5","title":{"rendered":"Integrantes"},"content":{"rendered":"<h3 style=\"text-align: justify;\"><span style=\"color: #008080;\"><strong>Cora Escolar\u00a0(Directora)<\/strong><\/span><\/h3>\n<p style=\"text-align: justify;\">Soci\u00f3loga. Profesora Consulta Titular e Investigadora de la Facultad de Filosof\u00eda y Letras de la Universidad de Buenos Aires. Categor\u00eda \u201cI\u201d, (Definitiva, 2011), Programa de Incentivos a la Docencia- Investigaci\u00f3n, Secretar\u00eda de Pol\u00edticas Universitarias, Ministerio de Cultura y Educaci\u00f3n y Secretar\u00eda de Ciencia y T\u00e9cnica, UBA. Profesora Titular Definitiva e Investigadora en la UNAM\/ENEP\/Acatl\u00e1n y en el Instituto Polit\u00e9cnico Nacional, M\u00e9xico, entre 1977 y 1985.\u00a0Directora de Proyectos acreditados UBACyT (Secretar\u00eda de Ciencia y T\u00e9cnica de la UBA). Directora de Becas Tipo I y II doctorales, becas posdoctorales del CONICET (Consejo Nacional de Investigaciones en Ciencia y T\u00e9cnica) y de Investigadores de Carrera del CONICET. Directora de becas doctorales de la UBA y\u00a0de maestrandos\/as de la Maestr\u00eda en Derechos Humanos y Pol\u00edticas Sociales, Centro de Estudios sobre Democratizaci\u00f3n y Derechos Humanos, Escuela de Humanidades, Universidad Nacional de San Mart\u00edn; de la Maestr\u00eda en Comunicaci\u00f3n y Cultura, Facultad de Ciencias Sociales, UBA; de la Maestr\u00eda en Trabajo Social, Facultad de Trabajo Social, Universidad Nacional de la Plata y de la Maestr\u00eda en Pol\u00edticas Sociales, Facultad de Ciencias Sociales. UBA.<\/p>\n<p style=\"text-align: justify;\">Presidenta de la Comisi\u00f3n de Doctorado y Miembro Titular de la Comisi\u00f3n Acad\u00e9mica del Programa de Doctorado de la Facultad de Filosof\u00eda y Letras de la Universidad de Buenos Aires; Miembro titular de la Comisi\u00f3n de Seguimiento de disciplinas cient\u00edficas, para llevar a cabo el proceso de evaluaci\u00f3n de Informes de Proyectos y Becas UBACyT, Secretar\u00eda de Ciencia y T\u00e9cnica, de la Universidad de Buenos Aires; Miembro titular del Comit\u00e9 Acad\u00e9mico de la Maestr\u00eda en Derechos Humanos y Pol\u00edtica Sociales, Centro de Estudios sobre Democratizaci\u00f3n y Derechos Humanos, Escuela de Humanidades, Universidad Nacional de San Mart\u00edn; Miembro titular del Comit\u00e9 Acad\u00e9mico de la Especializaci\u00f3n en Derechos Humanos y Pol\u00edtica Sociales, Centro de Estudios sobre Democratizaci\u00f3n y Derechos Humanos, Escuela de Humanidades, Universidad Nacional de San Mart\u00edn; Miembro integrante del Comit\u00e9 de \u00c9tica de Investigaci\u00f3n de la Facultad de Filosof\u00eda y Letras.<\/p>\n<p style=\"text-align: justify;\">Ejerce como Docente de Posgrado de Epistemolog\u00eda de las Ciencias Sociales, Metodolog\u00eda de la Investigaci\u00f3n y Dise\u00f1o de Investigaci\u00f3n en doctorados, maestr\u00edas y especializaciones de la UNSAM, UNLa y UBA. Ha compilado libros y escrito trabajos sobre temas de epistemolog\u00eda y metodolog\u00eda de la investigaci\u00f3n social; ciencias sociales, memoria pol\u00edtica, pol\u00edticas de la memoria, derechos humanos y an\u00e1lisis institucional.<\/p>\n<p style=\"text-align: justify;\">\n<h3 style=\"text-align: justify;\"><span style=\"line-height: 1.714285714; font-size: 1rem;\">\u00a0<\/span><span style=\"color: #008080;\"><strong>Juan Besse (Co-director)<\/strong><\/span><\/h3>\n<p style=\"text-align: justify;\">Antrop\u00f3logo. Profesor asociado regular del Departamento de Geograf\u00eda de la Facultad de Filosof\u00eda y Letras de la Universidad de Buenos Aires y del Departamento de Pol\u00edticas P\u00fablicas de la Universidad Nacional de Lan\u00fas (UNLa). Profesor del Doctorado de la Facultad de Filosof\u00eda y Letras de la UBA. Docente de posgrado en maestr\u00edas y especializaciones de la UBA y la UNLa. Actualmente es uno de los directores del Proyecto UBACyT Grupos Consolidados \u201cPol\u00edticas, territorios y escrituras de la memoria. Saberes expertos, pr\u00e1cticas militantes y dispositivos testimoniales en las configuraciones epistemol\u00f3gicas del pasado reciente (1955-2017)\u201d con sede en Instituto de Geograf\u00eda Romualdo Ardissone de la Facultad de Filosof\u00eda y Letras de la UBA. Ha compilado libros, escrito cap\u00edtulos en libros y art\u00edculos en revistas con referato, especializadas y de divulgaci\u00f3n sobre temas de epistemolog\u00eda de las ciencias sociales; epistemolog\u00eda y metodolog\u00eda de la investigaci\u00f3n social; ciencias sociales y psicoan\u00e1lisis; memoria pol\u00edtica y pol\u00edticas de la memoria<\/p>\n<h3 style=\"text-align: justify;\"><span style=\"color: #008080;\"><strong>Luciana Messina (Investigadora Formada)<\/strong><\/span><\/h3>\n<p style=\"text-align: justify;\">Antrop\u00f3loga. Doctora en Antropolog\u00eda por la Universidad de Buenos Aires (UBA). Investigadora Adjunta del Consejo Nacional de Investigaciones Cient\u00edficas y T\u00e9cnicas (CONICET) con sede en el Instituto Interdisciplinario de Tilcara de la Facultad de Filosof\u00eda y Letras de la UBA y Jefa de Trabajos Pr\u00e1cticos Regular en la asignatura \u201cMetodolog\u00eda de la Investigaci\u00f3n\u201d del Departamento de Geograf\u00eda de la misma universidad. Docente-Investigadora Categor\u00eda III en el Programa de Incentivos de Universidades Nacionales. Miembro del Consejo Acad\u00e9mico del N\u00facleo de Estudios sobre Memoria, donde coordina el grupo \u201cLugares, marcas y territorios de la memoria\u201d (CIS-CONICET, IDES), e Investigadora Formada del equipo Lugares y Pol\u00edticas de la Memoria (FFyL, UBA). Miembro del Comit\u00e9 Editorial de Clepsidra. Revista Interdisciplinaria de Estudios sobre Memoria (CAICYT\/CONICET). Es autora de art\u00edculos en libros y revistas nacionales y extranjeras sobre las pol\u00edticas y los lugares de la memoria, el testimonio y las categor\u00edas de v\u00edctima y testigo relativas a los procesos memoriales sobre el pasado dictatorial argentino.<\/p>\n<h3 style=\"text-align: justify;\"><span style=\"color: #008080;\"><strong>Silvina Fabri\u00a0(Investigadora Formada)<\/strong><\/span><\/h3>\n<p style=\"text-align: justify;\">Ge\u00f3grafa. Doctora en Geograf\u00eda por la Universidad de Buenos Aires (UBA). Docente-investigadora del Departamento y del Instituto de Geograf\u00eda \u201cRomualdo Ardissone\u201d (UBA) en el Proyecto UBACyT Grupos Consolidados \u201cPol\u00edticas, territorios y escrituras de la memoria. Saberes expertos, pr\u00e1cticas militantes y dispositivos testimoniales en las configuraciones epistemol\u00f3gicas del pasado reciente (1955-2017)\u201d<strong>. <\/strong>Fue becaria doctoral por la Universidad de Buenos Aires (UBA). Su investigaci\u00f3n se centr\u00f3 en la pol\u00edtica de la memoria desarrollada en el Espacio Mansi\u00f3n Ser\u00e9 a partir de los procesos socio-espaciales (Mor\u00f3n, Provincia de Buenos Aires). Forma parte del Grupo \u201cLugares, marcas y territorios de la memoria\u201d (N\u00facleo de Estudios sobre Memoria- IDES). Ha publicado art\u00edculos en libros y revistas especializadas sobre pol\u00edticas y lugares de la memoria, marcas territoriales y procesos de patrimonializaci\u00f3n asociados a las pr\u00e1cticas memoriales.<\/p>\n<h3 style=\"text-align: justify;\"><strong><span style=\"color: #008080;\">Cecilia Varela (Investigadora Formada)<\/span><\/strong><\/h3>\n<p>Antrop\u00f3loga. Doctora por la Universidad de Buenos Aires con menci\u00f3n en Antropolog\u00eda social. Investigadora adjunta del CONICET con sede en el Instituto de Ciencias Antropol\u00f3gicas de la FFyL-UBA. Docente en la carrera de Ciencias Antropol\u00f3gicas de la UBA y en postgrado en la Universidad Nacional de Lan\u00fas. Dirige y ha dirigido proyectos acreditados PIP, PICT y UBACyT. Public\u00f3 art\u00edculos en revistas nacionales y extranjeras sobre la campa\u00f1a anti-trata en Argentina y los procesos judiciales por trata de personas. Compila junto con Deborah Daich Los feminismos en la encrucijada del punitivismo.<\/p>\n<h3 style=\"text-align: justify;\"><span style=\"color: #008080;\"><strong>Miguel Mellino (Colaborador Externo \u2013 Investigador)<\/strong><\/span><\/h3>\n<p style=\"text-align: justify;\">Antrop\u00f3logo. Profesor adjunto e investigador del Departamento de Ciencias Humanas y Sociales de la Universidad de Napoli \u201cL\u2019Orientale\u201d. Ejerce como docente de posgrado de Antropolog\u00eda Cultural y Estudios Poscoloniales en el Doctorado en \u201cEstudios Internacionales\u201d de la Universidad de Napoli \u201cL\u2019Orientale\u201d.\u00a0Ha compilado libros y escrito art\u00edculos en el \u00e1rea de los estudios culturales, coloniales y poscoloniales en Europa y en Italia; sobre temas relacionados con el racismo y las migraciones , as\u00ed como tambi\u00e9n sobre los efectos del colonialismo moderno en la cultura y en los saberes contempor\u00e1neos.<\/p>\n<h3><span style=\"color: #008080;\"><strong>Dolores San Juli\u00e1n (Becaria de Investigaci\u00f3n CONICET)<\/strong><\/span><\/h3>\n<p style=\"text-align: justify;\">Antrop\u00f3loga. Becaria doctoral del Consejo Nacional de Investigaciones Cient\u00edficas y T\u00e9cnicas (CONICET) y doctoranda de la Facultad de Filosof\u00eda y Letras de la UBA. Docente del Departamento de Ciencias Antropol\u00f3gicas (UBA). Form\u00f3 parte del equipo que investig\u00f3 y reconstruy\u00f3 el funcionamiento del Centro Clandestino de Detenci\u00f3n conocido como \u201cMansi\u00f3n Ser\u00e9\u201d o \u00abAtila\u00bb (Provincia de Buenos Aires). Del 2007 al 2013 trabaj\u00f3 en el Programa de Recuperaci\u00f3n de Espacios vinculados al terrorismo de Estado (Direcci\u00f3n de Derechos Humanos, Municipio de Mor\u00f3n). Investigadora tesista Proyecto UBACyT Grupos Consolidados \u201cPol\u00edticas, territorios y escrituras de la memoria. Saberes expertos, pr\u00e1cticas militantes y dispositivos testimoniales en las configuraciones epistemol\u00f3gicas del pasado reciente (1955-2017)\u201d con sede en Instituto de Geograf\u00eda Romualdo Ardissone de la Facultad de Filosof\u00eda y Letras de la UBA y del Grupo \u201cLugares, marcas y territorios de la memoria\u201d (N\u00facleo de Estudios sobre Memoria, IDES). Ha publicado art\u00edculos y rese\u00f1as en revistas especializadas sobre memoria e historia.<\/p>\n<h3><\/h3>\n<h3 style=\"text-align: justify;\"><span style=\"color: #008080;\"><strong>Luciano Uzal (<\/strong><\/span><span style=\"color: #008080;\"><strong>Becario de Investigaci\u00f3n CONICET<\/strong><\/span><span style=\"color: #008080;\"><strong>)<\/strong><\/span><\/h3>\n<p style=\"text-align: justify;\">Antrop\u00f3logo. Investigador tesista del Proyecto UBACyT Grupos Consolidados \u201cPol\u00edticas, territorios y escrituras de la memoria. Saberes expertos, pr\u00e1cticas militantes y dispositivos testimoniales en las configuraciones epistemol\u00f3gicas del pasado reciente (1955-2017)\u201d con sede en Instituto de Geograf\u00eda Romualdo Ardissone de la Facultad de Filosof\u00eda y Letras de la UBA. A su vez, integra desde el a\u00f1o 2008 el colectivo de investigaci\u00f3n en antropolog\u00eda y sexualidad Antroposex (FFyL-UBA). Investigador en el Centro de Investigaci\u00f3n e Implementaci\u00f3n de Cuidados Paliativos del Instituto de Efectividad Cl\u00ednica y Sanitaria desde el a\u00f1o 2013. Docente auxiliar del Departamento de Geograf\u00eda, FFyL, UBA.<\/p>\n<h3 style=\"text-align: justify;\"><span style=\"color: #008080;\"><strong>Joan Portos (Investigador de Apoyo)<\/strong><\/span><\/h3>\n<p style=\"text-align: justify;\"><span style=\"color: #333333;\">Antrop\u00f3logo. <\/span>Realiz\u00f3 tareas de educaci\u00f3n e\u00a0investigaci\u00f3n en el sitio de memoria \u201cMansi\u00f3n Ser\u00e9\u201d y particip\u00f3 del proyecto de extensi\u00f3n universitaria \u201cMemorias de la pol\u00edtica: dictadura y cotidianeidad en el Barrio de Floresta\u201d. Desde 2008 hasta el 23015 trabaj\u00f3 en el Programa para la Recuperaci\u00f3n de la Memoria Hist\u00f3rica del ex Centro Clandestino de Detenci\u00f3n \u201cOlimpo\u201d en actividades educativas y de investigaci\u00f3n. Actualmente integra el equipo de trabajo del Espacio para la memoria y la promoci\u00f3n de los DDHH ex ESIM, Mar del Plata. Ha escrito trabajos en torno a las memorias barriales de centros clandestinos de detenci\u00f3n, sobre los procesos de construcci\u00f3n de lugares de la memoria y sobre pedagog\u00eda en los sitios de memoria<\/p>\n<p style=\"text-align: justify;\"><span style=\"color: #333333;\">\u00a0<\/span><\/p>\n<h3><span style=\"color: #008080;\"><strong>Mariel Alonso (Estudiante)<\/strong><\/span><\/h3>\n<p style=\"text-align: justify;\"><span style=\"color: #333333;\">Estudiante avanzada del Profesorado en Ciencias Antropol\u00f3gicas de la Facultad de Filosof\u00eda y Letras, Universidad de Buenos Aires. <\/span>Integrante del Equipo de datos y Acervo documental de la Procuraci\u00f3n de Cr\u00edmenes contra la Humanidad del Ministerio P\u00fablico Fiscal de la Naci\u00f3n. Realiz\u00f3 tareas de investigaci\u00f3n, extensi\u00f3n y archivo en el sitio de memoria \u201cMansi\u00f3n Ser\u00e9\u201d y particip\u00f3 del proyecto de extensi\u00f3n universitaria \u201cMemorias de la pol\u00edtica: dictadura y cotidianeidad en el Barrio de Floresta\u201d. Trabaj\u00f3 en el \u00c1rea de Investigaci\u00f3n del Centro de Estudios Legales y Sociales (CELS).Desde el 2009 hasta el 2017 estuvo encargada del Archivo Institucional. Ha escrito trabajos sobre temas de complicidad civil con el Terrorismo de Estado, procesos de justicia transicional en Am\u00e9rica Latina y pol\u00edticas y lugares de la memoria en los procesos de construcci\u00f3n de memoria social.<\/p>\n<p style=\"text-align: justify;\"><span style=\"color: #333333;\">\u00a0<\/span><\/p>\n<h3 style=\"text-align: justify;\"><span style=\"color: #008080;\"><strong>Gabriel Margiotta (<\/strong><\/span><span style=\"color: #008080;\"><strong>Becario de Investigaci\u00f3n CONICET<\/strong><\/span><span style=\"color: #008080;\"><strong>)<\/strong><\/span><\/h3>\n<p>Antrop\u00f3logo. Becario doctoral del Consejo Nacional de Investigaciones Cient\u00edficas y T\u00e9cnicas (CONICET) y doctorando de la Facultad de Ciencias Sociales de la UBA.Investigador del Proyecto UBACyT Grupos Consolidados \u201cPol\u00edticas, territorios y escrituras de la memoria. Saberes expertos, pr\u00e1cticas militantes y dispositivos testimoniales en las configuraciones epistemol\u00f3gicas del pasado reciente (1955-2017)\u201d con sede en Instituto de Geograf\u00eda Romualdo Ardissone de la Facultad de Filosof\u00eda y Letras de la UBA. Integrante del Grupo \u201cLugares, marcas y territorios de la memoria\u201d, N\u00facleo de Estudios sobre Memoria, IDES. Adscripto graduado a la c\u00e1tedra Metodolog\u00eda de la investigaci\u00f3n del Departamento de Geograf\u00eda, FFyL, UBA. Ha publicado art\u00edculos y rese\u00f1as en revistas especializadas sobre memoria, historia e imagen.<\/p>\n<h3><span style=\"color: #008080;\"><strong>Iv\u00e1n Wrobel (<\/strong><strong>Investigador de Apoyo<\/strong><strong>)<\/strong><\/span><\/h3>\n<p>Historiador. Maestrando en Historia y Memoria en la UNLP. Trabajador desde el a\u00f1o 2008 del Parque de la Memoria &#8211; Monumento a las V\u00edctimas del Terrorismo de Estado. Integrante del Proyecto\u00a0UBACyT Grupos Consolidados \u201cPol\u00edticas, territorios y escrituras de la memoria. Saberes expertos, pr\u00e1cticas militantes y dispositivos testimoniales en las configuraciones epistemol\u00f3gicas del pasado reciente (1955-2017)\u201d con sede en Instituto de Geograf\u00eda Romualdo Ardissone de la Facultad de Filosof\u00eda y Letras de la UBA. Se especializa en pol\u00edticas de la Memoria y en interpretaciones y representaciones del pasado reciente.<\/p>\n<h3 style=\"text-align: justify;\"><\/h3>\n<h3 style=\"text-align: justify;\"><\/h3>\n","protected":false},"excerpt":{"rendered":"<p>Cora Escolar\u00a0(Directora) Soci\u00f3loga. Profesora Consulta Titular e Investigadora de la Facultad de Filosof\u00eda y Letras de la Universidad de Buenos Aires. Categor\u00eda \u201cI\u201d, (Definitiva, 2011), Programa de Incentivos a la Docencia- Investigaci\u00f3n, Secretar\u00eda de Pol\u00edticas Universitarias, Ministerio de Cultura y Educaci\u00f3n y Secretar\u00eda de Ciencia y T\u00e9cnica, UBA. Profesora Titular Definitiva e Investigadora en la [&hellip;]<\/p>\n","protected":false},"author":1,"featured_media":0,"parent":0,"menu_order":0,"comment_status":"closed","ping_status":"closed","template":"page-templates\/full-width.php","meta":{"footnotes":""},"class_list":["post-5","page","type-page","status-publish","hentry"],"_links":{"self":[{"href":"https:\/\/lugarmemoria.com.ar\/index.php?rest_route=\/wp\/v2\/pages\/5","targetHints":{"allow":["GET"]}}],"collection":[{"href":"https:\/\/lugarmemoria.com.ar\/index.php?rest_route=\/wp\/v2\/pages"}],"about":[{"href":"https:\/\/lugarmemoria.com.ar\/index.php?rest_route=\/wp\/v2\/types\/page"}],"author":[{"embeddable":true,"href":"https:\/\/lugarmemoria.com.ar\/index.php?rest_route=\/wp\/v2\/users\/1"}],"replies":[{"embeddable":true,"href":"https:\/\/lugarmemoria.com.ar\/index.php?rest_route=%2Fwp%2Fv2%2Fcomments&post=5"}],"version-history":[{"count":10,"href":"https:\/\/lugarmemoria.com.ar\/index.php?rest_route=\/wp\/v2\/pages\/5\/revisions"}],"predecessor-version":[{"id":434,"href":"https:\/\/lugarmemoria.com.ar\/index.php?rest_route=\/wp\/v2\/pages\/5\/revisions\/434"}],"wp:attachment":[{"href":"https:\/\/lugarmemoria.com.ar\/index.php?rest_route=%2Fwp%2Fv2%2Fmedia&parent=5"}],"curies":[{"name":"wp","href":"https:\/\/api.w.org\/{rel}","templated":true}]}}