{"id":7,"date":"2013-04-04T05:27:41","date_gmt":"2013-04-04T05:27:41","guid":{"rendered":"http:\/\/www.lugarmemoria.com.ar\/epistegeo\/\/?page_id=7"},"modified":"2013-08-25T20:06:21","modified_gmt":"2013-08-25T20:06:21","slug":"miembros","status":"publish","type":"page","link":"https:\/\/lugarmemoria.com.ar\/epistegeo\/?page_id=7","title":{"rendered":"Miembros"},"content":{"rendered":"<p><strong>Cora Escolar<\/strong><\/p>\n<p>Soci\u00f3loga. Profesora titular e investigadora del Instituto de Geograf\u00eda de la Facultad de Filosof\u00eda y Letras de la Universidad de Buenos Aires. Profesora titular definitiva e investigadora de la UNAM\/ENEP Acatl\u00e1n y en el Instituto Polit\u00e9cnico Nacional, M\u00e9xico, entre 1977 y 1985. Directora de Proyectos UBACyT (Secretar\u00eda de Ciencia y T\u00e9cnica de la UBA). Ejerce como docente de posgrado de Epistemolog\u00eda de las Ciencias Sociales y Metodolog\u00eda de la Investigaci\u00f3n en maestr\u00edas y especializaciones de la UNSAM, la UNLa y la UBA. Ha compilado libros y escrito trabajos sobre temas de epistemolog\u00eda y metodolog\u00eda de la investigaci\u00f3n social, ciencias sociales, memoria pol\u00edtica, pol\u00edticas de la memoria y derechos humanos.<\/p>\n<p>&nbsp;<\/p>\n<p><strong>Juan Besse<\/strong><\/p>\n<p><span style=\"line-height: 1.714285714; font-size: 1rem;\">Antrop\u00f3logo. Profesor adjunto regular e investigador del Departamento e \u00a0Instituto de Geograf\u00eda de la Facultad de Filosof\u00eda y Letras de la Universidad de Buenos Aires y profesor asociado regular del Departamento de Pol\u00edticas P\u00fablicas de la Universidad Nacional de Lan\u00fas. Director y co-director de proyectos de investigaci\u00f3n UNLa y UBACyT. Ejerce como docente de posgrado de Epistemolog\u00eda de las ciencias sociales y metodolog\u00eda de la investigaci\u00f3n en maestr\u00edas y especializaciones de la UNLa, la UBA y Flacso-Paraguay.\u00a0\u00a0Ha compilado libros y escrito trabajos sobre temas de epistemolog\u00eda y metodolog\u00eda de la investigaci\u00f3n social; ciencias sociales y psicoan\u00e1lisis;\u00a0\u00a0memoria pol\u00edtica y pol\u00edticas de la memoria.<\/span><\/p>\n<p>&nbsp;<\/p>\n<p><strong><span style=\"line-height: 1.714285714; font-size: 1rem;\">Luciana Messina<\/span><\/strong><\/p>\n<p><span style=\"line-height: 1.714285714; font-size: 1rem;\">Antrop\u00f3loga. \u00a0Docente de los Departamentos de Geograf\u00eda y Ciencias Antropol\u00f3gicas de la Facultad de Filosof\u00eda y Letras de la Universidad de Buenos Aires (UBA). Investigadora del Instituto de Geograf\u00eda \u00abRomualdo Ardissone\u00bb (UBA). Doctora de la Universidad de Buenos Aires, \u00c1rea Antropolog\u00eda, y becaria postdoctoral del Consejo Nacional de Investigaciones Cient\u00edficas y T\u00e9cnicas (CONICET). Ejerce como docente de grado y de posgrado en la UBA y la UNLP. Co-dirige y participa como investigadora en proyectos UBACyT y de las universidades Paul Verlaine y Lorraine \u2013 Metz (Francia). Ha publicado art\u00edculos en libros y revistas especializadas en espa\u00f1ol y en franc\u00e9s sobre epistemolog\u00eda y metodolog\u00eda de la investigaci\u00f3n social, pol\u00edticas y lugares de la memoria en los procesos de construcci\u00f3n de memoria social y pol\u00edtica sobre el terrorismo de Estado en Argentina.<\/span><\/p>\n<p>&nbsp;<\/p>\n<p><strong>Silvina Fabri<\/strong><\/p>\n<p>Ge\u00f3grafa. Docente e investigadora del Departamento e Instituto de Geograf\u00eda de la Universidad de Buenos Aires (UBA). Licenciada y Doctoranda en Geograf\u00eda (UBA). Becaria doctoral (UBA).<\/p>\n","protected":false},"excerpt":{"rendered":"<p>Cora Escolar Soci\u00f3loga. Profesora titular e investigadora del Instituto de Geograf\u00eda de la Facultad de Filosof\u00eda y Letras de la Universidad de Buenos Aires. Profesora titular definitiva e investigadora de la UNAM\/ENEP Acatl\u00e1n y en el Instituto Polit\u00e9cnico Nacional, M\u00e9xico, entre 1977 y 1985. Directora de Proyectos UBACyT (Secretar\u00eda de Ciencia y T\u00e9cnica de la [&hellip;]<\/p>\n","protected":false},"author":1,"featured_media":0,"parent":0,"menu_order":0,"comment_status":"closed","ping_status":"closed","template":"","meta":{"footnotes":""},"class_list":["post-7","page","type-page","status-publish","hentry"],"_links":{"self":[{"href":"https:\/\/lugarmemoria.com.ar\/epistegeo\/index.php?rest_route=\/wp\/v2\/pages\/7","targetHints":{"allow":["GET"]}}],"collection":[{"href":"https:\/\/lugarmemoria.com.ar\/epistegeo\/index.php?rest_route=\/wp\/v2\/pages"}],"about":[{"href":"https:\/\/lugarmemoria.com.ar\/epistegeo\/index.php?rest_route=\/wp\/v2\/types\/page"}],"author":[{"embeddable":true,"href":"https:\/\/lugarmemoria.com.ar\/epistegeo\/index.php?rest_route=\/wp\/v2\/users\/1"}],"replies":[{"embeddable":true,"href":"https:\/\/lugarmemoria.com.ar\/epistegeo\/index.php?rest_route=%2Fwp%2Fv2%2Fcomments&post=7"}],"version-history":[{"count":5,"href":"https:\/\/lugarmemoria.com.ar\/epistegeo\/index.php?rest_route=\/wp\/v2\/pages\/7\/revisions"}],"predecessor-version":[{"id":54,"href":"https:\/\/lugarmemoria.com.ar\/epistegeo\/index.php?rest_route=\/wp\/v2\/pages\/7\/revisions\/54"}],"wp:attachment":[{"href":"https:\/\/lugarmemoria.com.ar\/epistegeo\/index.php?rest_route=%2Fwp%2Fv2%2Fmedia&parent=7"}],"curies":[{"name":"wp","href":"https:\/\/api.w.org\/{rel}","templated":true}]}}